{"id":6932,"date":"2018-08-31T15:14:06","date_gmt":"2018-08-31T13:14:06","guid":{"rendered":"https:\/\/iboneolza.org\/contacto\/"},"modified":"2020-11-23T15:42:19","modified_gmt":"2020-11-23T14:42:19","slug":"contact","status":"publish","type":"page","link":"https:\/\/iboneolza.org\/en\/contact\/","title":{"rendered":"Contact"},"content":{"rendered":"<p>En la actualidad <strong>no tengo consulta privada ni atiendo consultas cl\u00ednicas por esta v\u00eda<\/strong>. Si necesitas un profesional de salud mental perinatal que te atienda puedes buscar en este directorio de <a href=\"https:\/\/saludmentalperinatal.es\/profesionales\/\" target=\"_blank\" rel=\"noopener noreferrer\">profesionales certificados<\/a> por el Instituto Europeo de Salud Mental Perinatal.<\/p>\n\n<div class=\"wpcf7 no-js\" id=\"wpcf7-f5106-o1\" lang=\"es-ES\" dir=\"ltr\">\n<div class=\"screen-reader-response\"><p role=\"status\" aria-live=\"polite\" aria-atomic=\"true\"><\/p> <ul><\/ul><\/div>\n<form action=\"\/en\/wp-json\/wp\/v2\/pages\/6932#wpcf7-f5106-o1\" method=\"post\" class=\"wpcf7-form init\" aria-label=\"Formulario de contacto\" novalidate=\"novalidate\" data-status=\"init\">\n<div style=\"display: none;\">\n<input type=\"hidden\" name=\"_wpcf7\" value=\"5106\" \/>\n<input type=\"hidden\" name=\"_wpcf7_version\" value=\"5.7.7\" \/>\n<input type=\"hidden\" name=\"_wpcf7_locale\" value=\"es_ES\" \/>\n<input type=\"hidden\" name=\"_wpcf7_unit_tag\" value=\"wpcf7-f5106-o1\" \/>\n<input type=\"hidden\" name=\"_wpcf7_container_post\" value=\"0\" \/>\n<input type=\"hidden\" name=\"_wpcf7_posted_data_hash\" value=\"\" \/>\n<input type=\"hidden\" name=\"_wpcf7_recaptcha_response\" value=\"\" \/>\n<\/div>\n<p>* Los campos marcados son obligatorios\n<\/p>\n<p><label> Tu nombre*<br \/>\n<span class=\"wpcf7-form-control-wrap\" data-name=\"your-name\"><input size=\"40\" class=\"wpcf7-form-control wpcf7-text wpcf7-validates-as-required\" aria-required=\"true\" aria-invalid=\"false\" value=\"\" type=\"text\" name=\"your-name\" \/><\/span> <\/label>\n<\/p>\n<p><label> Tu correo electr\u00f3nico*<br \/>\n<span class=\"wpcf7-form-control-wrap\" data-name=\"your-email\"><input size=\"40\" class=\"wpcf7-form-control wpcf7-text wpcf7-email wpcf7-validates-as-required wpcf7-validates-as-email\" aria-required=\"true\" aria-invalid=\"false\" value=\"\" type=\"email\" name=\"your-email\" \/><\/span> <\/label>\n<\/p>\n<p><label> Asunto*<br \/>\n<span class=\"wpcf7-form-control-wrap\" data-name=\"your-subject\"><input size=\"40\" class=\"wpcf7-form-control wpcf7-text wpcf7-validates-as-required\" aria-required=\"true\" aria-invalid=\"false\" value=\"\" type=\"text\" name=\"your-subject\" \/><\/span> <\/label>\n<\/p>\n<p><label> Tu mensaje*<br \/>\n<span class=\"wpcf7-form-control-wrap\" data-name=\"your-message\"><textarea cols=\"40\" rows=\"10\" class=\"wpcf7-form-control wpcf7-textarea wpcf7-validates-as-required\" aria-required=\"true\" aria-invalid=\"false\" name=\"your-message\"><\/textarea><\/span> <\/label>\n<\/p>\n\n<p><span class=\"wpcf7-form-control-wrap\" data-name=\"your-consent\"><span class=\"wpcf7-form-control wpcf7-acceptance\"><span class=\"wpcf7-list-item\"><label><input type=\"checkbox\" name=\"your-consent\" value=\"1\" aria-invalid=\"false\" \/><span class=\"wpcf7-list-item-label\">He le\u00eddo y acepto la <a href=\"\/politica-de-privacidad\">pol\u00edtica de privacidad<\/a>.<\/span><\/label><\/span><\/span><\/span>\n<\/p>\n<p><input class=\"wpcf7-form-control has-spinner wpcf7-submit\" type=\"submit\" value=\"Enviar\" \/>\n<\/p><p style=\"display: none !important;\" class=\"akismet-fields-container\" data-prefix=\"_wpcf7_ak_\"><label>&#916;<textarea name=\"_wpcf7_ak_hp_textarea\" cols=\"45\" rows=\"8\" maxlength=\"100\"><\/textarea><\/label><input type=\"hidden\" id=\"ak_js_1\" name=\"_wpcf7_ak_js\" value=\"219\"\/><script>document.getElementById( \"ak_js_1\" ).setAttribute( \"value\", ( new Date() ).getTime() );<\/script><\/p><div class=\"wpcf7-response-output\" aria-hidden=\"true\"><\/div>\n<\/form>\n<\/div>\n\n\n<div class=\"argpd-informar\">\n\t<p class=\"argpd-informar-title\">Informaci\u00f3n b\u00e1sica sobre protecci\u00f3n de datos <span class=\"argpd-mas\">Ver m\u00e1s<\/span><\/p>\n\t<ul>\n\t\t<li>\n\t\t\t<b>Responsable:<\/b>&nbsp;Ibone Olza.\n\t\t<\/li>\n\t\t<li><b>Finalidad:<\/b>&nbsp;\n\t\t\t\n\t\t\t\t Responder las consultas. \n\t\t\t\t\n\t\t<\/li>\n\t\t<li><b>Legitimaci\u00f3n:<\/b>&nbsp;\n\t\t\t\n\t\t\t\tPor consentimiento del interesado.<\/li>\n\n\t\t<li><b>Destinatarios y encargados de tratamiento:<\/b>&nbsp;\n\n\t\t\t\tNo se ceden o comunican datos a terceros para prestar este servicio.\n\t\t\t\t\tEl Titular ha contratado los servicios de alojamiento web a Raiola Networks que act\u00faa como encargado de tratamiento.\n\t\t<\/li>\n\t\t<li>\n\t\t\t<b>Derechos:<\/b>&nbsp;Acceder, rectificar y suprimir los datos.\n\t\t<\/li>\n\t\t<li>\n\t\t\t<b>Informaci\u00f3n Adicional:<\/b>&nbsp;Puede consultar la informaci\u00f3n detallada en la <a target=\"_noblank\" href=\"https:\/\/iboneolza.org\/politica-de-privacidad-web-ibone-olza\/\">Pol\u00edtica de Privacidad<\/a>.<\/li>\n\t<\/ul>\n<\/div>\n\n","protected":false},"excerpt":{"rendered":"<p>En la actualidad no tengo consulta privada ni atiendo consultas cl\u00ednicas por esta v\u00eda. Si necesitas un profesional de salud mental perinatal que te atienda puedes buscar en este directorio de profesionales certificados por el Instituto Europeo de Salud Mental Perinatal.<\/p>\n","protected":false},"author":1,"featured_media":0,"parent":0,"menu_order":8,"comment_status":"closed","ping_status":"closed","template":"","meta":{"_monsterinsights_skip_tracking":false,"_monsterinsights_sitenote_active":false,"_monsterinsights_sitenote_note":"","_monsterinsights_sitenote_category":0,"site-sidebar-layout":"default","site-content-layout":"default","ast-global-header-display":"","ast-main-header-display":"","ast-hfb-above-header-display":"","ast-hfb-below-header-display":"","ast-hfb-mobile-header-display":"","site-post-title":"","ast-breadcrumbs-content":"","ast-featured-img":"","footer-sml-layout":"","theme-transparent-header-meta":"default","adv-header-id-meta":"","stick-header-meta":"","header-above-stick-meta":"","header-main-stick-meta":"","header-below-stick-meta":"","jetpack_post_was_ever_published":false},"yoast_head":"<!-- This site is optimized with the Yoast SEO plugin v21.1 - https:\/\/yoast.com\/wordpress\/plugins\/seo\/ -->\n<title>Contact - Ibone Olza<\/title>\n<meta name=\"robots\" content=\"index, follow, max-snippet:-1, max-image-preview:large, max-video-preview:-1\" \/>\n<link rel=\"canonical\" href=\"https:\/\/iboneolza.org\/en\/contact\/\" \/>\n<meta property=\"og:locale\" content=\"en_US\" \/>\n<meta property=\"og:type\" content=\"article\" \/>\n<meta property=\"og:title\" content=\"Contact - Ibone Olza\" \/>\n<meta property=\"og:description\" content=\"En la actualidad no tengo consulta privada ni atiendo consultas cl\u00ednicas por esta v\u00eda. Si necesitas un profesional de salud mental perinatal que te atienda puedes buscar en este directorio de profesionales certificados por el Instituto Europeo de Salud Mental Perinatal.\" \/>\n<meta property=\"og:url\" content=\"https:\/\/iboneolza.org\/en\/contact\/\" \/>\n<meta property=\"og:site_name\" content=\"Ibone Olza\" \/>\n<meta property=\"article:modified_time\" content=\"2020-11-23T14:42:19+00:00\" \/>\n<meta name=\"twitter:card\" content=\"summary_large_image\" \/>\n<script type=\"application\/ld+json\" class=\"yoast-schema-graph\">{\"@context\":\"https:\/\/schema.org\",\"@graph\":[{\"@type\":\"WebPage\",\"@id\":\"https:\/\/iboneolza.org\/en\/contact\/\",\"url\":\"https:\/\/iboneolza.org\/en\/contact\/\",\"name\":\"Contact - Ibone Olza\",\"isPartOf\":{\"@id\":\"https:\/\/iboneolza.org\/#website\"},\"datePublished\":\"2018-08-31T13:14:06+00:00\",\"dateModified\":\"2020-11-23T14:42:19+00:00\",\"breadcrumb\":{\"@id\":\"https:\/\/iboneolza.org\/en\/contact\/#breadcrumb\"},\"inLanguage\":\"en-US\",\"potentialAction\":[{\"@type\":\"ReadAction\",\"target\":[\"https:\/\/iboneolza.org\/en\/contact\/\"]}]},{\"@type\":\"BreadcrumbList\",\"@id\":\"https:\/\/iboneolza.org\/en\/contact\/#breadcrumb\",\"itemListElement\":[{\"@type\":\"ListItem\",\"position\":1,\"name\":\"Portada\",\"item\":\"https:\/\/iboneolza.org\/en\/\"},{\"@type\":\"ListItem\",\"position\":2,\"name\":\"Contact\"}]},{\"@type\":\"WebSite\",\"@id\":\"https:\/\/iboneolza.org\/#website\",\"url\":\"https:\/\/iboneolza.org\/\",\"name\":\"Ibone Olza\",\"description\":\"Psiquiatra infantil y perinatal, madre y activista.\",\"publisher\":{\"@id\":\"https:\/\/iboneolza.org\/#\/schema\/person\/444329295ff509008dea22f33e49446c\"},\"potentialAction\":[{\"@type\":\"SearchAction\",\"target\":{\"@type\":\"EntryPoint\",\"urlTemplate\":\"https:\/\/iboneolza.org\/?s={search_term_string}\"},\"query-input\":\"required name=search_term_string\"}],\"inLanguage\":\"en-US\"},{\"@type\":[\"Person\",\"Organization\"],\"@id\":\"https:\/\/iboneolza.org\/#\/schema\/person\/444329295ff509008dea22f33e49446c\",\"name\":\"I.O.\",\"image\":{\"@type\":\"ImageObject\",\"inLanguage\":\"en-US\",\"@id\":\"https:\/\/iboneolza.org\/#\/schema\/person\/image\/\",\"url\":\"https:\/\/secure.gravatar.com\/avatar\/a541c78d4282e8226d2c2988aa9db5d1?s=96&d=mm&r=g\",\"contentUrl\":\"https:\/\/secure.gravatar.com\/avatar\/a541c78d4282e8226d2c2988aa9db5d1?s=96&d=mm&r=g\",\"caption\":\"I.O.\"},\"logo\":{\"@id\":\"https:\/\/iboneolza.org\/#\/schema\/person\/image\/\"}}]}<\/script>\n<!-- \/ Yoast SEO plugin. -->","yoast_head_json":{"title":"Contact - Ibone Olza","robots":{"index":"index","follow":"follow","max-snippet":"max-snippet:-1","max-image-preview":"max-image-preview:large","max-video-preview":"max-video-preview:-1"},"canonical":"https:\/\/iboneolza.org\/en\/contact\/","og_locale":"en_US","og_type":"article","og_title":"Contact - Ibone Olza","og_description":"En la actualidad no tengo consulta privada ni atiendo consultas cl\u00ednicas por esta v\u00eda. Si necesitas un profesional de salud mental perinatal que te atienda puedes buscar en este directorio de profesionales certificados por el Instituto Europeo de Salud Mental Perinatal.","og_url":"https:\/\/iboneolza.org\/en\/contact\/","og_site_name":"Ibone Olza","article_modified_time":"2020-11-23T14:42:19+00:00","twitter_card":"summary_large_image","schema":{"@context":"https:\/\/schema.org","@graph":[{"@type":"WebPage","@id":"https:\/\/iboneolza.org\/en\/contact\/","url":"https:\/\/iboneolza.org\/en\/contact\/","name":"Contact - Ibone Olza","isPartOf":{"@id":"https:\/\/iboneolza.org\/#website"},"datePublished":"2018-08-31T13:14:06+00:00","dateModified":"2020-11-23T14:42:19+00:00","breadcrumb":{"@id":"https:\/\/iboneolza.org\/en\/contact\/#breadcrumb"},"inLanguage":"en-US","potentialAction":[{"@type":"ReadAction","target":["https:\/\/iboneolza.org\/en\/contact\/"]}]},{"@type":"BreadcrumbList","@id":"https:\/\/iboneolza.org\/en\/contact\/#breadcrumb","itemListElement":[{"@type":"ListItem","position":1,"name":"Portada","item":"https:\/\/iboneolza.org\/en\/"},{"@type":"ListItem","position":2,"name":"Contact"}]},{"@type":"WebSite","@id":"https:\/\/iboneolza.org\/#website","url":"https:\/\/iboneolza.org\/","name":"Ibone Olza","description":"Psiquiatra infantil y perinatal, madre y activista.","publisher":{"@id":"https:\/\/iboneolza.org\/#\/schema\/person\/444329295ff509008dea22f33e49446c"},"potentialAction":[{"@type":"SearchAction","target":{"@type":"EntryPoint","urlTemplate":"https:\/\/iboneolza.org\/?s={search_term_string}"},"query-input":"required name=search_term_string"}],"inLanguage":"en-US"},{"@type":["Person","Organization"],"@id":"https:\/\/iboneolza.org\/#\/schema\/person\/444329295ff509008dea22f33e49446c","name":"I.O.","image":{"@type":"ImageObject","inLanguage":"en-US","@id":"https:\/\/iboneolza.org\/#\/schema\/person\/image\/","url":"https:\/\/secure.gravatar.com\/avatar\/a541c78d4282e8226d2c2988aa9db5d1?s=96&d=mm&r=g","contentUrl":"https:\/\/secure.gravatar.com\/avatar\/a541c78d4282e8226d2c2988aa9db5d1?s=96&d=mm&r=g","caption":"I.O."},"logo":{"@id":"https:\/\/iboneolza.org\/#\/schema\/person\/image\/"}}]}},"jetpack-related-posts":[{"id":3782,"url":"https:\/\/iboneolza.org\/contacto-ibone-olza-doctora\/","url_meta":{"origin":6932,"position":0},"title":"Contacto","author":"I.O.","date":"31 August 2018","format":false,"excerpt":"En la actualidad no tengo consulta privada ni atiendo consultas cl\u00ednicas por esta v\u00eda. Si necesitas un profesional de salud mental perinatal que te atienda puedes buscar en este directorio de profesionales certificados por el Instituto Europeo de Salud Mental Perinatal.","rel":"","context":"Similar post","block_context":{"text":"Similar post","link":""},"img":{"alt_text":"","src":"","width":0,"height":0},"classes":[]},{"id":55009,"url":"https:\/\/iboneolza.org\/ibone-olza-psiquiatria-perinatal\/","url_meta":{"origin":6932,"position":1},"title":"Ibone Olza Psiquiatr\u00eda perinatal","author":"I.O.","date":"19 September 2022","format":false,"excerpt":"Dejar de ser una madre patriarcal tarde o temprano implica pensar en la ecolog\u00eda. La similitud entre c\u00f3mo trata el patriarcado a las madres y c\u00f3mo se ensa\u00f1a el capitalismo con la madre Tierra es tremenda, la misma l\u00f3gica extractiva.Lee mis \u00faltimos art\u00edculosEs necesario e importante que hablemos en voz\u2026","rel":"","context":"Similar post","block_context":{"text":"Similar post","link":""},"img":{"alt_text":"","src":"https:\/\/i0.wp.com\/iboneolza.org\/wp-content\/uploads\/2022\/09\/ibone-olza-psiquatra-perinatal.jpg?fit=1200%2C566&ssl=1&resize=350%2C200","width":350,"height":200,"srcset":"https:\/\/i0.wp.com\/iboneolza.org\/wp-content\/uploads\/2022\/09\/ibone-olza-psiquatra-perinatal.jpg?fit=1200%2C566&ssl=1&resize=350%2C200 1x, https:\/\/i0.wp.com\/iboneolza.org\/wp-content\/uploads\/2022\/09\/ibone-olza-psiquatra-perinatal.jpg?fit=1200%2C566&ssl=1&resize=525%2C300 1.5x, https:\/\/i0.wp.com\/iboneolza.org\/wp-content\/uploads\/2022\/09\/ibone-olza-psiquatra-perinatal.jpg?fit=1200%2C566&ssl=1&resize=700%2C400 2x, https:\/\/i0.wp.com\/iboneolza.org\/wp-content\/uploads\/2022\/09\/ibone-olza-psiquatra-perinatal.jpg?fit=1200%2C566&ssl=1&resize=1050%2C600 3x"},"classes":[]},{"id":5078,"url":"https:\/\/iboneolza.org\/sobre-mi-ibone-olza-activista-derechos-bebes\/","url_meta":{"origin":6932,"position":2},"title":"Sobre m\u00ed","author":"I.O.","date":"20 February 2020","format":false,"excerpt":"Soy madre, psiquiatra, escritora y activista por los derechos de los beb\u00e9s y las madres y padres en la primera infancia. Adem\u00e1s soy Licenciada en Medicina y Cirug\u00eda por la Universidad de Navarra (1994), Doctora en Medicina por la Universidad de Zaragoza (1999) y Especialista en Psiquiatr\u00eda (MIR Psiquiatr\u00eda Hospital\u2026","rel":"","context":"Similar post","block_context":{"text":"Similar post","link":""},"img":{"alt_text":"","src":"https:\/\/i0.wp.com\/iboneolza.org\/wp-content\/uploads\/2015\/10\/rio.jpg?resize=350%2C200&ssl=1","width":350,"height":200,"srcset":"https:\/\/i0.wp.com\/iboneolza.org\/wp-content\/uploads\/2015\/10\/rio.jpg?resize=350%2C200&ssl=1 1x, https:\/\/i0.wp.com\/iboneolza.org\/wp-content\/uploads\/2015\/10\/rio.jpg?resize=525%2C300&ssl=1 1.5x, https:\/\/i0.wp.com\/iboneolza.org\/wp-content\/uploads\/2015\/10\/rio.jpg?resize=700%2C400&ssl=1 2x"},"classes":[]},{"id":6842,"url":"https:\/\/iboneolza.org\/en\/about-me\/","url_meta":{"origin":6932,"position":3},"title":"About me","author":"I.O.","date":"20 February 2020","format":false,"excerpt":"Ibone Olza, MD, PhD, is a Child and Perinatal Psychiatrist, researcher, writer and mother of three. She is also an activist for human rights in childbirth. She co-founded the consumer's NGO El Parto es Nuestro (\u201cBirth is Ours\u201d) in 2003 and Apoyo Ces\u00e1reas (online support group for women recovering from\u2026","rel":"","context":"Similar post","block_context":{"text":"Similar post","link":""},"img":{"alt_text":"","src":"https:\/\/i0.wp.com\/iboneolza.org\/wp-content\/uploads\/2015\/10\/rio.jpg?resize=350%2C200&ssl=1","width":350,"height":200,"srcset":"https:\/\/i0.wp.com\/iboneolza.org\/wp-content\/uploads\/2015\/10\/rio.jpg?resize=350%2C200&ssl=1 1x, https:\/\/i0.wp.com\/iboneolza.org\/wp-content\/uploads\/2015\/10\/rio.jpg?resize=525%2C300&ssl=1 1.5x, https:\/\/i0.wp.com\/iboneolza.org\/wp-content\/uploads\/2015\/10\/rio.jpg?resize=700%2C400&ssl=1 2x"},"classes":[]},{"id":7065,"url":"https:\/\/iboneolza.org\/portada\/","url_meta":{"origin":6932,"position":4},"title":"Portada","author":"I.O.","date":"23 November 2020","format":false,"excerpt":"Soy madre y activista por los derechos de los beb\u00e9s y las madres y padres en la primera infancia. En el a\u00f1o 2001 cofund\u00e9 el foro Apoyo Ces\u00e1reas y en el 2003 la Asociaci\u00f3n El Parto es Nuestro. Adem\u00e1s soy m\u00e9dica psiquiatra. He escrito varios libros y numerosos art\u00edculos cient\u00edficos\u2026","rel":"","context":"Similar post","block_context":{"text":"Similar post","link":""},"img":{"alt_text":"","src":"","width":0,"height":0},"classes":[]},{"id":4978,"url":"https:\/\/iboneolza.org\/inicio\/","url_meta":{"origin":6932,"position":5},"title":"Inicio","author":"I.O.","date":"13 December 2018","format":false,"excerpt":"Soy madre y activista por los derechos de los beb\u00e9s y las madres y padres en la primera infancia. En el a\u00f1o 2001 cofund\u00e9 el foro Apoyo Ces\u00e1reas y en el 2003 la Asociaci\u00f3n El Parto es Nuestro.\u00a0Adem\u00e1s soy m\u00e9dica psiquiatra. He escrito varios libros y numerosos art\u00edculos cient\u00edficos y\u2026","rel":"","context":"Similar post","block_context":{"text":"Similar post","link":""},"img":{"alt_text":"Foto de portada de Palabra de Madre de Ibone Olza","src":"https:\/\/i0.wp.com\/iboneolza.org\/wp-content\/uploads\/2023\/01\/Palabra_de_madre_Ibone_Olza.jpg?resize=350%2C200&ssl=1","width":350,"height":200,"srcset":"https:\/\/i0.wp.com\/iboneolza.org\/wp-content\/uploads\/2023\/01\/Palabra_de_madre_Ibone_Olza.jpg?resize=350%2C200&ssl=1 1x, https:\/\/i0.wp.com\/iboneolza.org\/wp-content\/uploads\/2023\/01\/Palabra_de_madre_Ibone_Olza.jpg?resize=525%2C300&ssl=1 1.5x"},"classes":[]}],"_links":{"self":[{"href":"https:\/\/iboneolza.org\/en\/wp-json\/wp\/v2\/pages\/6932"}],"collection":[{"href":"https:\/\/iboneolza.org\/en\/wp-json\/wp\/v2\/pages"}],"about":[{"href":"https:\/\/iboneolza.org\/en\/wp-json\/wp\/v2\/types\/page"}],"author":[{"embeddable":true,"href":"https:\/\/iboneolza.org\/en\/wp-json\/wp\/v2\/users\/1"}],"replies":[{"embeddable":true,"href":"https:\/\/iboneolza.org\/en\/wp-json\/wp\/v2\/comments?post=6932"}],"version-history":[{"count":2,"href":"https:\/\/iboneolza.org\/en\/wp-json\/wp\/v2\/pages\/6932\/revisions"}],"predecessor-version":[{"id":6969,"href":"https:\/\/iboneolza.org\/en\/wp-json\/wp\/v2\/pages\/6932\/revisions\/6969"}],"wp:attachment":[{"href":"https:\/\/iboneolza.org\/en\/wp-json\/wp\/v2\/media?parent=6932"}],"curies":[{"name":"wp","href":"https:\/\/api.w.org\/{rel}","templated":true}]}}