{"id":6842,"date":"2020-02-20T19:22:35","date_gmt":"2020-02-20T18:22:35","guid":{"rendered":"https:\/\/iboneolza.org\/sobre-mi\/"},"modified":"2020-11-23T15:05:50","modified_gmt":"2020-11-23T14:05:50","slug":"about-me","status":"publish","type":"page","link":"https:\/\/iboneolza.org\/en\/about-me\/","title":{"rendered":"About me"},"content":{"rendered":"\t\t<div data-elementor-type=\"wp-page\" data-elementor-id=\"6842\" class=\"elementor elementor-6842\">\n\t\t\t\t\t\t<section class=\"elementor-section elementor-top-section elementor-element elementor-element-1a94b36 elementor-section-boxed elementor-section-height-default elementor-section-height-default\" data-id=\"1a94b36\" data-element_type=\"section\" data-settings=\"{&quot;background_background&quot;:&quot;classic&quot;}\">\n\t\t\t\t\t\t<div class=\"elementor-container elementor-column-gap-default\">\n\t\t\t\t\t<div class=\"elementor-column elementor-col-100 elementor-top-column elementor-element elementor-element-3c70aec\" data-id=\"3c70aec\" data-element_type=\"column\">\n\t\t\t<div class=\"elementor-widget-wrap elementor-element-populated\">\n\t\t\t\t\t\t\t<\/div>\n\t\t<\/div>\n\t\t\t\t\t<\/div>\n\t\t<\/section>\n\t\t\t\t<section class=\"elementor-section elementor-top-section elementor-element elementor-element-236d9edd elementor-section-boxed elementor-section-height-default elementor-section-height-default\" data-id=\"236d9edd\" data-element_type=\"section\">\n\t\t\t\t\t\t<div class=\"elementor-container elementor-column-gap-default\">\n\t\t\t\t\t<div class=\"elementor-column elementor-col-100 elementor-top-column elementor-element elementor-element-55524a42\" data-id=\"55524a42\" data-element_type=\"column\">\n\t\t\t<div class=\"elementor-widget-wrap elementor-element-populated\">\n\t\t\t\t\t\t<section class=\"elementor-section elementor-inner-section elementor-element elementor-element-b8304a5 elementor-section-content-middle elementor-section-boxed elementor-section-height-default elementor-section-height-default\" data-id=\"b8304a5\" data-element_type=\"section\">\n\t\t\t\t\t\t<div class=\"elementor-container elementor-column-gap-default\">\n\t\t\t\t\t<div class=\"elementor-column elementor-col-50 elementor-inner-column elementor-element elementor-element-5728972\" data-id=\"5728972\" data-element_type=\"column\">\n\t\t\t<div class=\"elementor-widget-wrap elementor-element-populated\">\n\t\t\t\t\t\t<div class=\"elementor-element elementor-element-d811d1b elementor-widget elementor-widget-text-editor\" data-id=\"d811d1b\" data-element_type=\"widget\" data-widget_type=\"text-editor.default\">\n\t\t\t\t<div class=\"elementor-widget-container\">\n\t\t\t\t\t\t\t<p>Ibone Olza, MD, PhD, is a Child and Perinatal Psychiatrist, researcher, writer and mother of three.<\/p><p>She is also an activist for human rights in childbirth. She co-founded the consumer&#8217;s NGO El Parto es Nuestro (\u201cBirth is Ours\u201d) in 2003 and Apoyo Ces\u00e1reas (online support group for women recovering from traumatic births) in 2001.<\/p><p>Since 1991 she has been a member of V\u00eda L\u00e1ctea (Spain&#8217;s oldest breastfeeding support group).<\/p><p>For 19 years Dr. Olza worked as a Child psychiatrist in the Spanish public healthcare system, and in 2009 she started the first perinatal psychiatry program in Madrid and became a member of Marc\u00e9 Society.<\/p><p>In 2014 Dr. Olza began to develop the Perinatal Mental Health Online Training Program at Terra Mater, which in 2017 transformed into the European Institute of Perinatal Mental Health.<\/p>\t\t\t\t\t\t<\/div>\n\t\t\t\t<\/div>\n\t\t\t\t\t<\/div>\n\t\t<\/div>\n\t\t\t\t<div class=\"elementor-column elementor-col-50 elementor-inner-column elementor-element elementor-element-7e805a0\" data-id=\"7e805a0\" data-element_type=\"column\">\n\t\t\t<div class=\"elementor-widget-wrap elementor-element-populated\">\n\t\t\t\t\t\t<div class=\"elementor-element elementor-element-dd55ade elementor-widget elementor-widget-image\" data-id=\"dd55ade\" data-element_type=\"widget\" data-widget_type=\"image.default\">\n\t\t\t\t<div class=\"elementor-widget-container\">\n\t\t\t\t\t\t\t\t\t\t\t\t\t<img fetchpriority=\"high\" decoding=\"async\" width=\"960\" height=\"720\" src=\"https:\/\/i0.wp.com\/iboneolza.org\/wp-content\/uploads\/2015\/10\/rio.jpg?fit=960%2C720&amp;ssl=1\" class=\"attachment-large size-large wp-image-2890\" alt=\"\" srcset=\"https:\/\/i0.wp.com\/iboneolza.org\/wp-content\/uploads\/2015\/10\/rio.jpg?w=960&amp;ssl=1 960w, https:\/\/i0.wp.com\/iboneolza.org\/wp-content\/uploads\/2015\/10\/rio.jpg?resize=300%2C225&amp;ssl=1 300w, https:\/\/i0.wp.com\/iboneolza.org\/wp-content\/uploads\/2015\/10\/rio.jpg?resize=768%2C576&amp;ssl=1 768w\" sizes=\"(max-width: 960px) 100vw, 960px\" \/>\t\t\t\t\t\t\t\t\t\t\t\t\t<\/div>\n\t\t\t\t<\/div>\n\t\t\t\t\t<\/div>\n\t\t<\/div>\n\t\t\t\t\t<\/div>\n\t\t<\/section>\n\t\t\t\t<div class=\"elementor-element elementor-element-7aec646 elementor-widget elementor-widget-text-editor\" data-id=\"7aec646\" data-element_type=\"widget\" data-widget_type=\"text-editor.default\">\n\t\t\t\t<div class=\"elementor-widget-container\">\n\t\t\t\t\t\t\t<p>She has worked as an associate professor at Alcal\u00e1 University Faculty of Medicine, Autonomous University of Madrid and University of Zaragoza. She has written several books for the main audience on topics related to Birth and breastfeeding and several scientific papers.<\/p><p>She is currently participating in COST Action 18211 Birth trauma and perinatal mental health, and collaborating with WHO as an external advisor for sexual and reproductive health.<\/p><p>In may 2020 she was elected as a Board Member of International Marc\u00e9 Society.<\/p><p>She currently lives in Madrid, Spain.<\/p>\t\t\t\t\t\t<\/div>\n\t\t\t\t<\/div>\n\t\t\t\t\t<\/div>\n\t\t<\/div>\n\t\t\t\t\t<\/div>\n\t\t<\/section>\n\t\t\t\t<\/div>\n\t\t","protected":false},"excerpt":{"rendered":"<p>Ibone Olza, MD, PhD, is a Child and Perinatal Psychiatrist, researcher, writer and mother of three. She is also an activist for human rights in childbirth. She co-founded the consumer&#8217;s NGO El Parto es Nuestro (\u201cBirth is Ours\u201d) in 2003 and Apoyo Ces\u00e1reas (online support group for women recovering from traumatic births) in 2001. Since &hellip;<\/p>\n<p class=\"read-more\"> <a class=\"\" href=\"https:\/\/iboneolza.org\/en\/about-me\/\"> <span class=\"screen-reader-text\">About me<\/span> Read More &raquo;<\/a><\/p>\n","protected":false},"author":1,"featured_media":0,"parent":0,"menu_order":0,"comment_status":"closed","ping_status":"closed","template":"","meta":{"_monsterinsights_skip_tracking":false,"_monsterinsights_sitenote_active":false,"_monsterinsights_sitenote_note":"","_monsterinsights_sitenote_category":0,"site-sidebar-layout":"default","site-content-layout":"default","ast-global-header-display":"","ast-main-header-display":"","ast-hfb-above-header-display":"","ast-hfb-below-header-display":"","ast-hfb-mobile-header-display":"","site-post-title":"","ast-breadcrumbs-content":"","ast-featured-img":"","footer-sml-layout":"","theme-transparent-header-meta":"default","adv-header-id-meta":"","stick-header-meta":"","header-above-stick-meta":"","header-main-stick-meta":"","header-below-stick-meta":"","jetpack_post_was_ever_published":false},"yoast_head":"<!-- This site is optimized with the Yoast SEO plugin v21.1 - https:\/\/yoast.com\/wordpress\/plugins\/seo\/ -->\n<title>About me - Ibone Olza<\/title>\n<meta name=\"robots\" content=\"index, follow, max-snippet:-1, max-image-preview:large, max-video-preview:-1\" \/>\n<link rel=\"canonical\" href=\"https:\/\/iboneolza.org\/en\/about-me\/\" \/>\n<meta property=\"og:locale\" content=\"en_US\" \/>\n<meta property=\"og:type\" content=\"article\" \/>\n<meta property=\"og:title\" content=\"About me - Ibone Olza\" \/>\n<meta property=\"og:description\" content=\"Ibone Olza, MD, PhD, is a Child and Perinatal Psychiatrist, researcher, writer and mother of three. She is also an activist for human rights in childbirth. She co-founded the consumer&#8217;s NGO El Parto es Nuestro (\u201cBirth is Ours\u201d) in 2003 and Apoyo Ces\u00e1reas (online support group for women recovering from traumatic births) in 2001. Since &hellip; About me Read More &raquo;\" \/>\n<meta property=\"og:url\" content=\"https:\/\/iboneolza.org\/en\/about-me\/\" \/>\n<meta property=\"og:site_name\" content=\"Ibone Olza\" \/>\n<meta property=\"article:modified_time\" content=\"2020-11-23T14:05:50+00:00\" \/>\n<meta property=\"og:image\" content=\"https:\/\/iboneolza.org\/wp-content\/uploads\/2015\/10\/rio.jpg\" \/>\n<meta name=\"twitter:card\" content=\"summary_large_image\" \/>\n<meta name=\"twitter:label1\" content=\"Est. reading time\" \/>\n\t<meta name=\"twitter:data1\" content=\"1 minute\" \/>\n<script type=\"application\/ld+json\" class=\"yoast-schema-graph\">{\"@context\":\"https:\/\/schema.org\",\"@graph\":[{\"@type\":\"WebPage\",\"@id\":\"https:\/\/iboneolza.org\/en\/about-me\/\",\"url\":\"https:\/\/iboneolza.org\/en\/about-me\/\",\"name\":\"About me - Ibone Olza\",\"isPartOf\":{\"@id\":\"https:\/\/iboneolza.org\/#website\"},\"datePublished\":\"2020-02-20T18:22:35+00:00\",\"dateModified\":\"2020-11-23T14:05:50+00:00\",\"breadcrumb\":{\"@id\":\"https:\/\/iboneolza.org\/en\/about-me\/#breadcrumb\"},\"inLanguage\":\"en-US\",\"potentialAction\":[{\"@type\":\"ReadAction\",\"target\":[\"https:\/\/iboneolza.org\/en\/about-me\/\"]}]},{\"@type\":\"BreadcrumbList\",\"@id\":\"https:\/\/iboneolza.org\/en\/about-me\/#breadcrumb\",\"itemListElement\":[{\"@type\":\"ListItem\",\"position\":1,\"name\":\"Portada\",\"item\":\"https:\/\/iboneolza.org\/en\/\"},{\"@type\":\"ListItem\",\"position\":2,\"name\":\"About me\"}]},{\"@type\":\"WebSite\",\"@id\":\"https:\/\/iboneolza.org\/#website\",\"url\":\"https:\/\/iboneolza.org\/\",\"name\":\"Ibone Olza\",\"description\":\"Psiquiatra infantil y perinatal, madre y activista.\",\"publisher\":{\"@id\":\"https:\/\/iboneolza.org\/#\/schema\/person\/444329295ff509008dea22f33e49446c\"},\"potentialAction\":[{\"@type\":\"SearchAction\",\"target\":{\"@type\":\"EntryPoint\",\"urlTemplate\":\"https:\/\/iboneolza.org\/?s={search_term_string}\"},\"query-input\":\"required name=search_term_string\"}],\"inLanguage\":\"en-US\"},{\"@type\":[\"Person\",\"Organization\"],\"@id\":\"https:\/\/iboneolza.org\/#\/schema\/person\/444329295ff509008dea22f33e49446c\",\"name\":\"I.O.\",\"image\":{\"@type\":\"ImageObject\",\"inLanguage\":\"en-US\",\"@id\":\"https:\/\/iboneolza.org\/#\/schema\/person\/image\/\",\"url\":\"https:\/\/secure.gravatar.com\/avatar\/a541c78d4282e8226d2c2988aa9db5d1?s=96&d=mm&r=g\",\"contentUrl\":\"https:\/\/secure.gravatar.com\/avatar\/a541c78d4282e8226d2c2988aa9db5d1?s=96&d=mm&r=g\",\"caption\":\"I.O.\"},\"logo\":{\"@id\":\"https:\/\/iboneolza.org\/#\/schema\/person\/image\/\"}}]}<\/script>\n<!-- \/ Yoast SEO plugin. -->","yoast_head_json":{"title":"About me - Ibone Olza","robots":{"index":"index","follow":"follow","max-snippet":"max-snippet:-1","max-image-preview":"max-image-preview:large","max-video-preview":"max-video-preview:-1"},"canonical":"https:\/\/iboneolza.org\/en\/about-me\/","og_locale":"en_US","og_type":"article","og_title":"About me - Ibone Olza","og_description":"Ibone Olza, MD, PhD, is a Child and Perinatal Psychiatrist, researcher, writer and mother of three. She is also an activist for human rights in childbirth. She co-founded the consumer&#8217;s NGO El Parto es Nuestro (\u201cBirth is Ours\u201d) in 2003 and Apoyo Ces\u00e1reas (online support group for women recovering from traumatic births) in 2001. Since &hellip; About me Read More &raquo;","og_url":"https:\/\/iboneolza.org\/en\/about-me\/","og_site_name":"Ibone Olza","article_modified_time":"2020-11-23T14:05:50+00:00","og_image":[{"url":"https:\/\/iboneolza.org\/wp-content\/uploads\/2015\/10\/rio.jpg"}],"twitter_card":"summary_large_image","twitter_misc":{"Est. reading time":"1 minute"},"schema":{"@context":"https:\/\/schema.org","@graph":[{"@type":"WebPage","@id":"https:\/\/iboneolza.org\/en\/about-me\/","url":"https:\/\/iboneolza.org\/en\/about-me\/","name":"About me - Ibone Olza","isPartOf":{"@id":"https:\/\/iboneolza.org\/#website"},"datePublished":"2020-02-20T18:22:35+00:00","dateModified":"2020-11-23T14:05:50+00:00","breadcrumb":{"@id":"https:\/\/iboneolza.org\/en\/about-me\/#breadcrumb"},"inLanguage":"en-US","potentialAction":[{"@type":"ReadAction","target":["https:\/\/iboneolza.org\/en\/about-me\/"]}]},{"@type":"BreadcrumbList","@id":"https:\/\/iboneolza.org\/en\/about-me\/#breadcrumb","itemListElement":[{"@type":"ListItem","position":1,"name":"Portada","item":"https:\/\/iboneolza.org\/en\/"},{"@type":"ListItem","position":2,"name":"About me"}]},{"@type":"WebSite","@id":"https:\/\/iboneolza.org\/#website","url":"https:\/\/iboneolza.org\/","name":"Ibone Olza","description":"Psiquiatra infantil y perinatal, madre y activista.","publisher":{"@id":"https:\/\/iboneolza.org\/#\/schema\/person\/444329295ff509008dea22f33e49446c"},"potentialAction":[{"@type":"SearchAction","target":{"@type":"EntryPoint","urlTemplate":"https:\/\/iboneolza.org\/?s={search_term_string}"},"query-input":"required name=search_term_string"}],"inLanguage":"en-US"},{"@type":["Person","Organization"],"@id":"https:\/\/iboneolza.org\/#\/schema\/person\/444329295ff509008dea22f33e49446c","name":"I.O.","image":{"@type":"ImageObject","inLanguage":"en-US","@id":"https:\/\/iboneolza.org\/#\/schema\/person\/image\/","url":"https:\/\/secure.gravatar.com\/avatar\/a541c78d4282e8226d2c2988aa9db5d1?s=96&d=mm&r=g","contentUrl":"https:\/\/secure.gravatar.com\/avatar\/a541c78d4282e8226d2c2988aa9db5d1?s=96&d=mm&r=g","caption":"I.O."},"logo":{"@id":"https:\/\/iboneolza.org\/#\/schema\/person\/image\/"}}]}},"jetpack-related-posts":[{"id":6450,"url":"https:\/\/iboneolza.org\/en\/","url_meta":{"origin":6842,"position":0},"title":"Home","author":"I.O.","date":"13 December 2018","format":false,"excerpt":"Ibone is a mother, MD, PhD, child psychiatrist, childbirth activist and writter.In 2003 she co-founded Birth is Ours (El Parto es Nuestro), a mothers and consumers group devoted to erradicate obstetric violence.She currently directs the European Institute of Perinatal Mental Health. More info Sandra Siachoque's Photography Nacemos para amar. Y\u2026","rel":"","context":"Similar post","block_context":{"text":"Similar post","link":""},"img":{"alt_text":"","src":"","width":0,"height":0},"classes":[]},{"id":7081,"url":"https:\/\/iboneolza.org\/en\/home-nueva\/","url_meta":{"origin":6842,"position":1},"title":"Home Nueva","author":"I.O.","date":"23 November 2020","format":false,"excerpt":"Ibone is a mother, MD, PhD, child psychiatrist, childbirth activist and writter.In 2003 she co-founded Birth is Ours (El Parto es Nuestro), a mothers and consumers group devoted to erradicate obstetric violence.She currently directs the European Institute of Perinatal Mental Health. More info Sandra Siachoque's Photography Nacemos para amar. Y\u2026","rel":"","context":"Similar post","block_context":{"text":"Similar post","link":""},"img":{"alt_text":"","src":"","width":0,"height":0},"classes":[]},{"id":3205,"url":"https:\/\/iboneolza.org\/publicaciones-de-ibone-olza\/","url_meta":{"origin":6842,"position":2},"title":"Publicaciones","author":"I.O.","date":"15 September 2016","format":false,"excerpt":"Art\u00edculos Cient\u00edficos (2025) Olza , I., Baeza P\u00e9rez-Font\u00e1n, C., & Oliva Gonz\u00e1lez, E. Lactancia interrumpida por servicios sociales: a prop\u00f3sito de un caso. Revista De Lactancia Materna, 3, e33254. https:\/\/doi.org\/10.14201\/rlm.33254(2024) Olza I, Quintela O, Garc\u00eda-Mart\u00ednez A. The Use of Haloperidol as a Sedative During Childbirth: An Extreme Form of Obstetric\u2026","rel":"","context":"Similar post","block_context":{"text":"Similar post","link":""},"img":{"alt_text":"","src":"","width":0,"height":0},"classes":[]},{"id":6929,"url":"https:\/\/iboneolza.org\/en\/publicaciones\/","url_meta":{"origin":6842,"position":3},"title":"Publications","author":"I.O.","date":"15 September 2016","format":false,"excerpt":"Art\u00edculos Cient\u00edficos (2020) Olza I, Uvnas-Moberg K, Ekstr\u00f6m-Bergstr\u00f6m A, et al. Birth as a neuro-psycho-social event: An integrative model of maternal experiences and their relation to neurohormonal events during childbirth. PLoS One. 2020;15(7):e0230992. Published 2020 Jul 28. doi:10.1371\/journal.pone.0230992 (2020)Kerstin Uvn\u00e4s\u00adMoberg, Anette Ekstr\u00f6m-Bergstr\u00f6m ,Sarah Buckley, Claudia Massarotti, Zada Pajalic, Karolina Luegmair,\u2026","rel":"","context":"Similar post","block_context":{"text":"Similar post","link":""},"img":{"alt_text":"","src":"","width":0,"height":0},"classes":[]},{"id":3782,"url":"https:\/\/iboneolza.org\/contacto-ibone-olza-doctora\/","url_meta":{"origin":6842,"position":4},"title":"Contacto","author":"I.O.","date":"31 August 2018","format":false,"excerpt":"En la actualidad no tengo consulta privada ni atiendo consultas cl\u00ednicas por esta v\u00eda. Si necesitas un profesional de salud mental perinatal que te atienda puedes buscar en este directorio de profesionales certificados por el Instituto Europeo de Salud Mental Perinatal.","rel":"","context":"Similar post","block_context":{"text":"Similar post","link":""},"img":{"alt_text":"","src":"","width":0,"height":0},"classes":[]},{"id":5078,"url":"https:\/\/iboneolza.org\/sobre-mi-ibone-olza-activista-derechos-bebes\/","url_meta":{"origin":6842,"position":5},"title":"Sobre m\u00ed","author":"I.O.","date":"20 February 2020","format":false,"excerpt":"Soy madre, psiquiatra, escritora y activista por los derechos de los beb\u00e9s y las madres y padres en la primera infancia. Adem\u00e1s soy Licenciada en Medicina y Cirug\u00eda por la Universidad de Navarra (1994), Doctora en Medicina por la Universidad de Zaragoza (1999) y Especialista en Psiquiatr\u00eda (MIR Psiquiatr\u00eda Hospital\u2026","rel":"","context":"Similar post","block_context":{"text":"Similar post","link":""},"img":{"alt_text":"","src":"https:\/\/i0.wp.com\/iboneolza.org\/wp-content\/uploads\/2015\/10\/rio.jpg?resize=350%2C200&ssl=1","width":350,"height":200,"srcset":"https:\/\/i0.wp.com\/iboneolza.org\/wp-content\/uploads\/2015\/10\/rio.jpg?resize=350%2C200&ssl=1 1x, https:\/\/i0.wp.com\/iboneolza.org\/wp-content\/uploads\/2015\/10\/rio.jpg?resize=525%2C300&ssl=1 1.5x, https:\/\/i0.wp.com\/iboneolza.org\/wp-content\/uploads\/2015\/10\/rio.jpg?resize=700%2C400&ssl=1 2x"},"classes":[]}],"_links":{"self":[{"href":"https:\/\/iboneolza.org\/en\/wp-json\/wp\/v2\/pages\/6842"}],"collection":[{"href":"https:\/\/iboneolza.org\/en\/wp-json\/wp\/v2\/pages"}],"about":[{"href":"https:\/\/iboneolza.org\/en\/wp-json\/wp\/v2\/types\/page"}],"author":[{"embeddable":true,"href":"https:\/\/iboneolza.org\/en\/wp-json\/wp\/v2\/users\/1"}],"replies":[{"embeddable":true,"href":"https:\/\/iboneolza.org\/en\/wp-json\/wp\/v2\/comments?post=6842"}],"version-history":[{"count":6,"href":"https:\/\/iboneolza.org\/en\/wp-json\/wp\/v2\/pages\/6842\/revisions"}],"predecessor-version":[{"id":6856,"href":"https:\/\/iboneolza.org\/en\/wp-json\/wp\/v2\/pages\/6842\/revisions\/6856"}],"wp:attachment":[{"href":"https:\/\/iboneolza.org\/en\/wp-json\/wp\/v2\/media?parent=6842"}],"curies":[{"name":"wp","href":"https:\/\/api.w.org\/{rel}","templated":true}]}}