{"id":6818,"date":"2019-01-22T12:27:41","date_gmt":"2019-01-22T11:27:41","guid":{"rendered":"https:\/\/iboneolza.org\/videos\/"},"modified":"2020-11-06T18:47:03","modified_gmt":"2020-11-06T17:47:03","slug":"videos","status":"publish","type":"page","link":"https:\/\/iboneolza.org\/en\/videos\/","title":{"rendered":"Videos"},"content":{"rendered":"\t\t<div data-elementor-type=\"wp-page\" data-elementor-id=\"6818\" class=\"elementor elementor-6818\">\n\t\t\t\t\t\t<section class=\"elementor-section elementor-top-section elementor-element elementor-element-60f5c95 elementor-section-boxed elementor-section-height-default elementor-section-height-default\" data-id=\"60f5c95\" data-element_type=\"section\">\n\t\t\t\t\t\t<div class=\"elementor-container elementor-column-gap-default\">\n\t\t\t\t\t<div class=\"elementor-column elementor-col-50 elementor-top-column elementor-element elementor-element-94e6da3\" data-id=\"94e6da3\" data-element_type=\"column\">\n\t\t\t<div class=\"elementor-widget-wrap elementor-element-populated\">\n\t\t\t\t\t\t<div class=\"elementor-element elementor-element-ffae057 elementor-widget elementor-widget-video\" data-id=\"ffae057\" data-element_type=\"widget\" data-settings=\"{&quot;video_type&quot;:&quot;vimeo&quot;}\" data-widget_type=\"video.default\">\n\t\t\t\t<div class=\"elementor-widget-container\">\n\t\t\t\t\t<div class=\"elementor-wrapper elementor-open-inline\">\n\t\t\t<iframe class=\"elementor-video-iframe\" allowfullscreen allow=\"clipboard-write\" title=\"vimeo Video Player\" src=\"https:\/\/player.vimeo.com\/video\/422440716?color&amp;autopause=0&amp;loop=0&amp;muted=0&amp;title=1&amp;portrait=1&amp;byline=1#t=\"><\/iframe>\t\t<\/div>\n\t\t\t\t<\/div>\n\t\t\t\t<\/div>\n\t\t\t\t<div class=\"elementor-element elementor-element-0646f7f elementor-widget elementor-widget-video\" data-id=\"0646f7f\" data-element_type=\"widget\" data-settings=\"{&quot;youtube_url&quot;:&quot;https:\\\/\\\/www.youtube.com\\\/watch?v=2T774a118dQ&quot;,&quot;video_type&quot;:&quot;youtube&quot;,&quot;controls&quot;:&quot;yes&quot;}\" data-widget_type=\"video.default\">\n\t\t\t\t<div class=\"elementor-widget-container\">\n\t\t\t\t\t<div class=\"elementor-wrapper elementor-open-inline\">\n\t\t\t<div class=\"elementor-video\"><\/div>\t\t<\/div>\n\t\t\t\t<\/div>\n\t\t\t\t<\/div>\n\t\t\t\t\t<\/div>\n\t\t<\/div>\n\t\t\t\t<div class=\"elementor-column elementor-col-50 elementor-top-column elementor-element elementor-element-69ef873\" data-id=\"69ef873\" data-element_type=\"column\">\n\t\t\t<div class=\"elementor-widget-wrap elementor-element-populated\">\n\t\t\t\t\t\t<div class=\"elementor-element elementor-element-9cd8a5e elementor-widget elementor-widget-video\" data-id=\"9cd8a5e\" data-element_type=\"widget\" data-settings=\"{&quot;youtube_url&quot;:&quot;https:\\\/\\\/www.youtube.com\\\/watch?v=JaENsTNDb-k&quot;,&quot;video_type&quot;:&quot;youtube&quot;,&quot;controls&quot;:&quot;yes&quot;}\" data-widget_type=\"video.default\">\n\t\t\t\t<div class=\"elementor-widget-container\">\n\t\t\t\t\t<div class=\"elementor-wrapper elementor-open-inline\">\n\t\t\t<div class=\"elementor-video\"><\/div>\t\t<\/div>\n\t\t\t\t<\/div>\n\t\t\t\t<\/div>\n\t\t\t\t<div class=\"elementor-element elementor-element-96962e6 elementor-widget elementor-widget-video\" data-id=\"96962e6\" data-element_type=\"widget\" data-settings=\"{&quot;youtube_url&quot;:&quot;https:\\\/\\\/www.youtube.com\\\/watch?v=uwZPa1iFf6U&quot;,&quot;video_type&quot;:&quot;youtube&quot;,&quot;controls&quot;:&quot;yes&quot;}\" data-widget_type=\"video.default\">\n\t\t\t\t<div class=\"elementor-widget-container\">\n\t\t\t\t\t<div class=\"elementor-wrapper elementor-open-inline\">\n\t\t\t<div class=\"elementor-video\"><\/div>\t\t<\/div>\n\t\t\t\t<\/div>\n\t\t\t\t<\/div>\n\t\t\t\t\t<\/div>\n\t\t<\/div>\n\t\t\t\t\t<\/div>\n\t\t<\/section>\n\t\t\t\t<\/div>\n\t\t","protected":false},"excerpt":{"rendered":"<p>https:\/\/vimeo.com\/422440716https:\/\/www.youtube.com\/watch?v=2T774a118dQhttps:\/\/www.youtube.com\/watch?v=JaENsTNDb-khttps:\/\/www.youtube.com\/watch?v=uwZPa1iFf6U<\/p>\n","protected":false},"author":1,"featured_media":0,"parent":0,"menu_order":0,"comment_status":"closed","ping_status":"closed","template":"","meta":{"_monsterinsights_skip_tracking":false,"_monsterinsights_sitenote_active":false,"_monsterinsights_sitenote_note":"","_monsterinsights_sitenote_category":0,"site-sidebar-layout":"default","site-content-layout":"default","ast-global-header-display":"","ast-main-header-display":"","ast-hfb-above-header-display":"","ast-hfb-below-header-display":"","ast-hfb-mobile-header-display":"","site-post-title":"","ast-breadcrumbs-content":"","ast-featured-img":"","footer-sml-layout":"","theme-transparent-header-meta":"default","adv-header-id-meta":"","stick-header-meta":"","header-above-stick-meta":"","header-main-stick-meta":"","header-below-stick-meta":"","jetpack_post_was_ever_published":false},"yoast_head":"<!-- This site is optimized with the Yoast SEO plugin v21.1 - https:\/\/yoast.com\/wordpress\/plugins\/seo\/ -->\n<title>Videos - Ibone Olza<\/title>\n<meta name=\"robots\" content=\"index, follow, max-snippet:-1, max-image-preview:large, max-video-preview:-1\" \/>\n<link rel=\"canonical\" href=\"https:\/\/iboneolza.org\/en\/videos\/\" \/>\n<meta property=\"og:locale\" content=\"en_US\" \/>\n<meta property=\"og:type\" content=\"article\" \/>\n<meta property=\"og:title\" content=\"Videos - Ibone Olza\" \/>\n<meta property=\"og:description\" content=\"https:\/\/vimeo.com\/422440716https:\/\/www.youtube.com\/watch?v=2T774a118dQhttps:\/\/www.youtube.com\/watch?v=JaENsTNDb-khttps:\/\/www.youtube.com\/watch?v=uwZPa1iFf6U\" \/>\n<meta property=\"og:url\" content=\"https:\/\/iboneolza.org\/en\/videos\/\" \/>\n<meta property=\"og:site_name\" content=\"Ibone Olza\" \/>\n<meta property=\"article:modified_time\" content=\"2020-11-06T17:47:03+00:00\" \/>\n<meta name=\"twitter:card\" content=\"summary_large_image\" \/>\n<script type=\"application\/ld+json\" class=\"yoast-schema-graph\">{\"@context\":\"https:\/\/schema.org\",\"@graph\":[{\"@type\":\"WebPage\",\"@id\":\"https:\/\/iboneolza.org\/en\/videos\/\",\"url\":\"https:\/\/iboneolza.org\/en\/videos\/\",\"name\":\"Videos - Ibone Olza\",\"isPartOf\":{\"@id\":\"https:\/\/iboneolza.org\/#website\"},\"datePublished\":\"2019-01-22T11:27:41+00:00\",\"dateModified\":\"2020-11-06T17:47:03+00:00\",\"breadcrumb\":{\"@id\":\"https:\/\/iboneolza.org\/en\/videos\/#breadcrumb\"},\"inLanguage\":\"en-US\",\"potentialAction\":[{\"@type\":\"ReadAction\",\"target\":[\"https:\/\/iboneolza.org\/en\/videos\/\"]}]},{\"@type\":\"BreadcrumbList\",\"@id\":\"https:\/\/iboneolza.org\/en\/videos\/#breadcrumb\",\"itemListElement\":[{\"@type\":\"ListItem\",\"position\":1,\"name\":\"Portada\",\"item\":\"https:\/\/iboneolza.org\/en\/\"},{\"@type\":\"ListItem\",\"position\":2,\"name\":\"Videos\"}]},{\"@type\":\"WebSite\",\"@id\":\"https:\/\/iboneolza.org\/#website\",\"url\":\"https:\/\/iboneolza.org\/\",\"name\":\"Ibone Olza\",\"description\":\"Psiquiatra infantil y perinatal, madre y activista.\",\"publisher\":{\"@id\":\"https:\/\/iboneolza.org\/#\/schema\/person\/444329295ff509008dea22f33e49446c\"},\"potentialAction\":[{\"@type\":\"SearchAction\",\"target\":{\"@type\":\"EntryPoint\",\"urlTemplate\":\"https:\/\/iboneolza.org\/?s={search_term_string}\"},\"query-input\":\"required name=search_term_string\"}],\"inLanguage\":\"en-US\"},{\"@type\":[\"Person\",\"Organization\"],\"@id\":\"https:\/\/iboneolza.org\/#\/schema\/person\/444329295ff509008dea22f33e49446c\",\"name\":\"I.O.\",\"image\":{\"@type\":\"ImageObject\",\"inLanguage\":\"en-US\",\"@id\":\"https:\/\/iboneolza.org\/#\/schema\/person\/image\/\",\"url\":\"https:\/\/secure.gravatar.com\/avatar\/a541c78d4282e8226d2c2988aa9db5d1?s=96&d=mm&r=g\",\"contentUrl\":\"https:\/\/secure.gravatar.com\/avatar\/a541c78d4282e8226d2c2988aa9db5d1?s=96&d=mm&r=g\",\"caption\":\"I.O.\"},\"logo\":{\"@id\":\"https:\/\/iboneolza.org\/#\/schema\/person\/image\/\"}}]}<\/script>\n<!-- \/ Yoast SEO plugin. -->","yoast_head_json":{"title":"Videos - Ibone Olza","robots":{"index":"index","follow":"follow","max-snippet":"max-snippet:-1","max-image-preview":"max-image-preview:large","max-video-preview":"max-video-preview:-1"},"canonical":"https:\/\/iboneolza.org\/en\/videos\/","og_locale":"en_US","og_type":"article","og_title":"Videos - Ibone Olza","og_description":"https:\/\/vimeo.com\/422440716https:\/\/www.youtube.com\/watch?v=2T774a118dQhttps:\/\/www.youtube.com\/watch?v=JaENsTNDb-khttps:\/\/www.youtube.com\/watch?v=uwZPa1iFf6U","og_url":"https:\/\/iboneolza.org\/en\/videos\/","og_site_name":"Ibone Olza","article_modified_time":"2020-11-06T17:47:03+00:00","twitter_card":"summary_large_image","schema":{"@context":"https:\/\/schema.org","@graph":[{"@type":"WebPage","@id":"https:\/\/iboneolza.org\/en\/videos\/","url":"https:\/\/iboneolza.org\/en\/videos\/","name":"Videos - Ibone Olza","isPartOf":{"@id":"https:\/\/iboneolza.org\/#website"},"datePublished":"2019-01-22T11:27:41+00:00","dateModified":"2020-11-06T17:47:03+00:00","breadcrumb":{"@id":"https:\/\/iboneolza.org\/en\/videos\/#breadcrumb"},"inLanguage":"en-US","potentialAction":[{"@type":"ReadAction","target":["https:\/\/iboneolza.org\/en\/videos\/"]}]},{"@type":"BreadcrumbList","@id":"https:\/\/iboneolza.org\/en\/videos\/#breadcrumb","itemListElement":[{"@type":"ListItem","position":1,"name":"Portada","item":"https:\/\/iboneolza.org\/en\/"},{"@type":"ListItem","position":2,"name":"Videos"}]},{"@type":"WebSite","@id":"https:\/\/iboneolza.org\/#website","url":"https:\/\/iboneolza.org\/","name":"Ibone Olza","description":"Psiquiatra infantil y perinatal, madre y activista.","publisher":{"@id":"https:\/\/iboneolza.org\/#\/schema\/person\/444329295ff509008dea22f33e49446c"},"potentialAction":[{"@type":"SearchAction","target":{"@type":"EntryPoint","urlTemplate":"https:\/\/iboneolza.org\/?s={search_term_string}"},"query-input":"required name=search_term_string"}],"inLanguage":"en-US"},{"@type":["Person","Organization"],"@id":"https:\/\/iboneolza.org\/#\/schema\/person\/444329295ff509008dea22f33e49446c","name":"I.O.","image":{"@type":"ImageObject","inLanguage":"en-US","@id":"https:\/\/iboneolza.org\/#\/schema\/person\/image\/","url":"https:\/\/secure.gravatar.com\/avatar\/a541c78d4282e8226d2c2988aa9db5d1?s=96&d=mm&r=g","contentUrl":"https:\/\/secure.gravatar.com\/avatar\/a541c78d4282e8226d2c2988aa9db5d1?s=96&d=mm&r=g","caption":"I.O."},"logo":{"@id":"https:\/\/iboneolza.org\/#\/schema\/person\/image\/"}}]}},"jetpack-related-posts":[{"id":6929,"url":"https:\/\/iboneolza.org\/en\/publicaciones\/","url_meta":{"origin":6818,"position":0},"title":"Publications","author":"I.O.","date":"15 September 2016","format":false,"excerpt":"Art\u00edculos Cient\u00edficos (2020) Olza I, Uvnas-Moberg K, Ekstr\u00f6m-Bergstr\u00f6m A, et al. Birth as a neuro-psycho-social event: An integrative model of maternal experiences and their relation to neurohormonal events during childbirth. PLoS One. 2020;15(7):e0230992. Published 2020 Jul 28. doi:10.1371\/journal.pone.0230992 (2020)Kerstin Uvn\u00e4s\u00adMoberg, Anette Ekstr\u00f6m-Bergstr\u00f6m ,Sarah Buckley, Claudia Massarotti, Zada Pajalic, Karolina Luegmair,\u2026","rel":"","context":"Similar post","block_context":{"text":"Similar post","link":""},"img":{"alt_text":"","src":"","width":0,"height":0},"classes":[]},{"id":3205,"url":"https:\/\/iboneolza.org\/publicaciones-de-ibone-olza\/","url_meta":{"origin":6818,"position":1},"title":"Publicaciones","author":"I.O.","date":"15 September 2016","format":false,"excerpt":"Art\u00edculos Cient\u00edficos (2025) Olza , I., Baeza P\u00e9rez-Font\u00e1n, C., & Oliva Gonz\u00e1lez, E. Lactancia interrumpida por servicios sociales: a prop\u00f3sito de un caso. Revista De Lactancia Materna, 3, e33254. https:\/\/doi.org\/10.14201\/rlm.33254(2024) Olza I, Quintela O, Garc\u00eda-Mart\u00ednez A. The Use of Haloperidol as a Sedative During Childbirth: An Extreme Form of Obstetric\u2026","rel":"","context":"Similar post","block_context":{"text":"Similar post","link":""},"img":{"alt_text":"","src":"","width":0,"height":0},"classes":[]}],"_links":{"self":[{"href":"https:\/\/iboneolza.org\/en\/wp-json\/wp\/v2\/pages\/6818"}],"collection":[{"href":"https:\/\/iboneolza.org\/en\/wp-json\/wp\/v2\/pages"}],"about":[{"href":"https:\/\/iboneolza.org\/en\/wp-json\/wp\/v2\/types\/page"}],"author":[{"embeddable":true,"href":"https:\/\/iboneolza.org\/en\/wp-json\/wp\/v2\/users\/1"}],"replies":[{"embeddable":true,"href":"https:\/\/iboneolza.org\/en\/wp-json\/wp\/v2\/comments?post=6818"}],"version-history":[{"count":4,"href":"https:\/\/iboneolza.org\/en\/wp-json\/wp\/v2\/pages\/6818\/revisions"}],"predecessor-version":[{"id":6823,"href":"https:\/\/iboneolza.org\/en\/wp-json\/wp\/v2\/pages\/6818\/revisions\/6823"}],"wp:attachment":[{"href":"https:\/\/iboneolza.org\/en\/wp-json\/wp\/v2\/media?parent=6818"}],"curies":[{"name":"wp","href":"https:\/\/api.w.org\/{rel}","templated":true}]}}